{"id":83,"date":"2024-02-26T18:50:05","date_gmt":"2024-02-26T17:50:05","guid":{"rendered":"https:\/\/grandtoureurope.fr\/?page_id=83"},"modified":"2024-05-10T16:17:55","modified_gmt":"2024-05-10T14:17:55","slug":"diffusion","status":"publish","type":"page","link":"https:\/\/grandtoureurope.fr\/index.php\/diffusion\/","title":{"rendered":"Diffusion"},"content":{"rendered":"\t\t<div data-elementor-type=\"wp-page\" data-elementor-id=\"83\" class=\"elementor elementor-83\">\n\t\t\t\t<div class=\"elementor-element elementor-element-1589889 e-flex e-con-boxed e-con e-parent\" data-id=\"1589889\" data-element_type=\"container\" data-settings=\"{&quot;content_width&quot;:&quot;boxed&quot;}\" data-core-v316-plus=\"true\">\n\t\t\t\t\t<div class=\"e-con-inner\">\n\t\t\t\t<div class=\"elementor-element elementor-element-7a984ff elementor-widget elementor-widget-text-editor\" data-id=\"7a984ff\" data-element_type=\"widget\" data-widget_type=\"text-editor.default\">\n\t\t\t\t<div class=\"elementor-widget-container\">\n\t\t\t<style>\/*! elementor - v3.19.0 - 26-02-2024 *\/\n.elementor-widget-text-editor.elementor-drop-cap-view-stacked .elementor-drop-cap{background-color:#69727d;color:#fff}.elementor-widget-text-editor.elementor-drop-cap-view-framed .elementor-drop-cap{color:#69727d;border:3px solid;background-color:transparent}.elementor-widget-text-editor:not(.elementor-drop-cap-view-default) .elementor-drop-cap{margin-top:8px}.elementor-widget-text-editor:not(.elementor-drop-cap-view-default) .elementor-drop-cap-letter{width:1em;height:1em}.elementor-widget-text-editor .elementor-drop-cap{float:left;text-align:center;line-height:1;font-size:50px}.elementor-widget-text-editor .elementor-drop-cap-letter{display:inline-block}<\/style>\t\t\t\t<h2 style=\"text-align: center;\">DIFFUSION<\/h2>\t\t\t\t\t\t<\/div>\n\t\t\t\t<\/div>\n\t\t\t\t\t<\/div>\n\t\t\t\t<\/div>\n\t\t<div class=\"elementor-element elementor-element-bbfef87 e-flex e-con-boxed e-con e-parent\" data-id=\"bbfef87\" data-element_type=\"container\" data-settings=\"{&quot;content_width&quot;:&quot;boxed&quot;}\" data-core-v316-plus=\"true\">\n\t\t\t\t\t<div class=\"e-con-inner\">\n\t\t\t\t<div class=\"elementor-element elementor-element-704488e elementor-widget elementor-widget-image\" data-id=\"704488e\" data-element_type=\"widget\" data-widget_type=\"image.default\">\n\t\t\t\t<div class=\"elementor-widget-container\">\n\t\t\t<style>\/*! elementor - v3.19.0 - 26-02-2024 *\/\n.elementor-widget-image{text-align:center}.elementor-widget-image a{display:inline-block}.elementor-widget-image a img[src$=\".svg\"]{width:48px}.elementor-widget-image img{vertical-align:middle;display:inline-block}<\/style>\t\t\t\t\t\t\t\t\t\t<img fetchpriority=\"high\" decoding=\"async\" width=\"2560\" height=\"1440\" src=\"https:\/\/grandtoureurope.fr\/wp-content\/uploads\/2024\/04\/3d12e627-a862-416a-addc-0b8666390c82-scaled.jpg\" class=\"attachment-full size-full wp-image-752\" alt=\"\" srcset=\"https:\/\/grandtoureurope.fr\/wp-content\/uploads\/2024\/04\/3d12e627-a862-416a-addc-0b8666390c82-scaled.jpg 2560w, https:\/\/grandtoureurope.fr\/wp-content\/uploads\/2024\/04\/3d12e627-a862-416a-addc-0b8666390c82-1536x864.jpg 1536w, https:\/\/grandtoureurope.fr\/wp-content\/uploads\/2024\/04\/3d12e627-a862-416a-addc-0b8666390c82-2048x1152.jpg 2048w\" sizes=\"(max-width: 2560px) 100vw, 2560px\" \/>\t\t\t\t\t\t\t\t\t\t\t\t\t<\/div>\n\t\t\t\t<\/div>\n\t\t\t\t\t<\/div>\n\t\t\t\t<\/div>\n\t\t<div class=\"elementor-element elementor-element-3a957a4 e-flex e-con-boxed e-con e-parent\" data-id=\"3a957a4\" data-element_type=\"container\" data-settings=\"{&quot;content_width&quot;:&quot;boxed&quot;}\" data-core-v316-plus=\"true\">\n\t\t\t\t\t<div class=\"e-con-inner\">\n\t\t\t\t<div class=\"elementor-element elementor-element-d50792c elementor-widget elementor-widget-text-editor\" data-id=\"d50792c\" data-element_type=\"widget\" data-widget_type=\"text-editor.default\">\n\t\t\t\t<div class=\"elementor-widget-container\">\n\t\t\t\t\t\t\t<h4 style=\"text-align: center;\">Le Grand Tour &#8211; S\u00e9lection dans les festivals fran\u00e7ais et internationaux : information \u00e0 suivre<\/h4>\t\t\t\t\t\t<\/div>\n\t\t\t\t<\/div>\n\t\t\t\t\t<\/div>\n\t\t\t\t<\/div>\n\t\t\t\t<\/div>\n\t\t","protected":false},"excerpt":{"rendered":"<p>D\u00e9couvrez o\u00f9 voir le film<\/p>\n","protected":false},"author":1,"featured_media":0,"parent":0,"menu_order":0,"comment_status":"closed","ping_status":"closed","template":"","meta":{"footnotes":""},"class_list":["post-83","page","type-page","status-publish","hentry"],"_links":{"self":[{"href":"https:\/\/grandtoureurope.fr\/index.php\/wp-json\/wp\/v2\/pages\/83","targetHints":{"allow":["GET"]}}],"collection":[{"href":"https:\/\/grandtoureurope.fr\/index.php\/wp-json\/wp\/v2\/pages"}],"about":[{"href":"https:\/\/grandtoureurope.fr\/index.php\/wp-json\/wp\/v2\/types\/page"}],"author":[{"embeddable":true,"href":"https:\/\/grandtoureurope.fr\/index.php\/wp-json\/wp\/v2\/users\/1"}],"replies":[{"embeddable":true,"href":"https:\/\/grandtoureurope.fr\/index.php\/wp-json\/wp\/v2\/comments?post=83"}],"version-history":[{"count":59,"href":"https:\/\/grandtoureurope.fr\/index.php\/wp-json\/wp\/v2\/pages\/83\/revisions"}],"predecessor-version":[{"id":1105,"href":"https:\/\/grandtoureurope.fr\/index.php\/wp-json\/wp\/v2\/pages\/83\/revisions\/1105"}],"wp:attachment":[{"href":"https:\/\/grandtoureurope.fr\/index.php\/wp-json\/wp\/v2\/media?parent=83"}],"curies":[{"name":"wp","href":"https:\/\/api.w.org\/{rel}","templated":true}]}}