{"id":406,"date":"2024-03-04T02:15:43","date_gmt":"2024-03-04T01:15:43","guid":{"rendered":"https:\/\/grandtoureurope.fr\/?page_id=406"},"modified":"2024-03-20T22:20:45","modified_gmt":"2024-03-20T21:20:45","slug":"retombees-media","status":"publish","type":"page","link":"https:\/\/grandtoureurope.fr\/index.php\/retombees-media\/","title":{"rendered":"Retomb\u00e9es m\u00e9dia"},"content":{"rendered":"\t\t<div data-elementor-type=\"wp-page\" data-elementor-id=\"406\" class=\"elementor elementor-406\">\n\t\t\t\t<div class=\"elementor-element elementor-element-c989585 e-flex e-con-boxed e-con e-parent\" data-id=\"c989585\" data-element_type=\"container\" data-settings=\"{&quot;content_width&quot;:&quot;boxed&quot;}\" data-core-v316-plus=\"true\">\n\t\t\t\t\t<div class=\"e-con-inner\">\n\t\t\t\t<div class=\"elementor-element elementor-element-b0bd0da elementor-widget elementor-widget-text-editor\" data-id=\"b0bd0da\" data-element_type=\"widget\" data-widget_type=\"text-editor.default\">\n\t\t\t\t<div class=\"elementor-widget-container\">\n\t\t\t<style>\/*! elementor - v3.19.0 - 26-02-2024 *\/\n.elementor-widget-text-editor.elementor-drop-cap-view-stacked .elementor-drop-cap{background-color:#69727d;color:#fff}.elementor-widget-text-editor.elementor-drop-cap-view-framed .elementor-drop-cap{color:#69727d;border:3px solid;background-color:transparent}.elementor-widget-text-editor:not(.elementor-drop-cap-view-default) .elementor-drop-cap{margin-top:8px}.elementor-widget-text-editor:not(.elementor-drop-cap-view-default) .elementor-drop-cap-letter{width:1em;height:1em}.elementor-widget-text-editor .elementor-drop-cap{float:left;text-align:center;line-height:1;font-size:50px}.elementor-widget-text-editor .elementor-drop-cap-letter{display:inline-block}<\/style>\t\t\t\t<h2>LE GRAND TOUR : Retomb\u00e9es m\u00e9dia<\/h2>\t\t\t\t\t\t<\/div>\n\t\t\t\t<\/div>\n\t\t\t\t\t<\/div>\n\t\t\t\t<\/div>\n\t\t<div class=\"elementor-element elementor-element-3a11a92 e-flex e-con-boxed e-con e-parent\" data-id=\"3a11a92\" data-element_type=\"container\" data-settings=\"{&quot;content_width&quot;:&quot;boxed&quot;}\" data-core-v316-plus=\"true\">\n\t\t\t\t\t<div class=\"e-con-inner\">\n\t\t\t\t<div class=\"elementor-element elementor-element-1bdf125 elementor-widget elementor-widget-image\" data-id=\"1bdf125\" data-element_type=\"widget\" data-widget_type=\"image.default\">\n\t\t\t\t<div class=\"elementor-widget-container\">\n\t\t\t<style>\/*! elementor - v3.19.0 - 26-02-2024 *\/\n.elementor-widget-image{text-align:center}.elementor-widget-image a{display:inline-block}.elementor-widget-image a img[src$=\".svg\"]{width:48px}.elementor-widget-image img{vertical-align:middle;display:inline-block}<\/style>\t\t\t\t\t\t\t\t\t\t<img fetchpriority=\"high\" decoding=\"async\" width=\"2560\" height=\"1440\" src=\"https:\/\/grandtoureurope.fr\/wp-content\/uploads\/2024\/03\/Photo-Retombees-scaled.jpg\" class=\"attachment-full size-full wp-image-425\" alt=\"\" srcset=\"https:\/\/grandtoureurope.fr\/wp-content\/uploads\/2024\/03\/Photo-Retombees-scaled.jpg 2560w, https:\/\/grandtoureurope.fr\/wp-content\/uploads\/2024\/03\/Photo-Retombees-1536x864.jpg 1536w, https:\/\/grandtoureurope.fr\/wp-content\/uploads\/2024\/03\/Photo-Retombees-2048x1152.jpg 2048w\" sizes=\"(max-width: 2560px) 100vw, 2560px\" \/>\t\t\t\t\t\t\t\t\t\t\t\t\t<\/div>\n\t\t\t\t<\/div>\n\t\t\t\t\t<\/div>\n\t\t\t\t<\/div>\n\t\t<div class=\"elementor-element elementor-element-952fd51 e-flex e-con-boxed e-con e-parent\" data-id=\"952fd51\" data-element_type=\"container\" data-settings=\"{&quot;content_width&quot;:&quot;boxed&quot;}\" data-core-v316-plus=\"true\">\n\t\t\t\t\t<div class=\"e-con-inner\">\n\t\t\t\t<div class=\"elementor-element elementor-element-bb7ac46 elementor-widget elementor-widget-text-editor\" data-id=\"bb7ac46\" data-element_type=\"widget\" data-widget_type=\"text-editor.default\">\n\t\t\t\t<div class=\"elementor-widget-container\">\n\t\t\t\t\t\t\t<p><span style=\"font-family: Times, serif;\"><span style=\"font-size: medium;\"><span style=\"font-family: Arial, serif;\">Tout au long du voyage d\u2019Elio et Justin et apr\u00e8s leur retour, diff\u00e9rents titres de presse quotidienne r\u00e9gionale, ainsi que le mensuel lyc\u00e9en Phosphore et des radios, ont rendu compte r\u00e9guli\u00e8rement de leur tour d\u2019Europe \u00e0 v\u00e9lo, en faisant r\u00e9f\u00e9rence au film et aux \u00e9tapes du tournage.<\/span><\/span><\/span><\/p><p><span style=\"font-family: Times, serif;\"><span style=\"font-size: medium;\"><span style=\"font-family: Arial, serif;\"><i>La D\u00e9p\u00eache \u2013 25 f\u00e9vrier 2019<\/i><\/span><\/span><\/span><\/p><p><span style=\"font-family: Times, serif;\"><span style=\"font-size: medium;\"><span style=\"font-family: Arial, serif;\"><i>Le Villefranchois \u2013 21 mai 2020<\/i><\/span><\/span><\/span><\/p><p><span style=\"font-family: Times, serif;\"><span style=\"font-size: medium;\"><span style=\"font-family: Arial, serif;\"><i>La Minute de la Villefranchoise (site Internet) \u2013 25 mai 2020<\/i><\/span><\/span><\/span><\/p><p><span style=\"font-family: Times, serif;\"><span style=\"font-size: medium;\"><span style=\"font-family: Arial, serif;\"><i>La D\u00e9p\u00eache \u2013 18 juillet 2020<\/i><\/span><\/span><\/span><\/p><p><span style=\"font-family: Times, serif;\"><span style=\"font-size: medium;\"><span style=\"font-family: Arial, serif;\"><i>Le Villefranchois \u2013 23 juillet 2020<\/i><\/span><\/span><\/span><\/p><p><span style=\"font-family: Times, serif;\"><span style=\"font-size: medium;\"><span style=\"font-family: Arial, serif;\"><i>Phosphore \u2013 28 juillet 2020<\/i><\/span><\/span><\/span><\/p><p><span style=\"font-family: Times, serif;\"><span style=\"font-size: medium;\"><span style=\"font-family: Arial, serif;\"><i>RCF Radio \u2013 2 septembre 2020<\/i><\/span><\/span><\/span><\/p><p><span style=\"font-family: Times, serif;\"><span style=\"font-size: medium;\"><span style=\"font-family: Arial, serif;\"><i>Phosphore (site Internet) \u2013 2 septembre 2020<\/i><\/span><\/span><\/span><\/p><p><span style=\"font-family: Times, serif;\"><span style=\"font-size: medium;\"><span style=\"font-family: Arial, serif;\"><i>Le Villefranchois \u2013 1<\/i><\/span><sup><span style=\"font-family: Arial, serif;\"><i>er<\/i><\/span><\/sup><span style=\"font-family: Arial, serif;\"><i> octobre 2020<\/i><\/span><\/span><\/span><\/p><p><span style=\"font-family: Times, serif;\"><span style=\"font-size: medium;\"><span style=\"font-family: Arial, serif;\"><i>L\u2019Aveyronnais \u2013 15 novembre 2020<\/i><\/span><\/span><\/span><\/p><p><span style=\"font-family: Times, serif;\"><span style=\"font-size: medium;\"><span style=\"font-family: Arial, serif;\"><i>Le Villefranchois \u2013 24 d\u00e9cembre 2020<\/i><\/span><\/span><\/span><\/p><p><span style=\"font-family: Times, serif;\"><span style=\"font-size: medium;\"><span style=\"font-family: Arial, serif;\"><i>L\u2019Aveyron Magazine \u2013 janvier-f\u00e9vrier 2021<\/i><\/span><\/span><\/span><\/p><p><span style=\"font-family: Times, serif;\"><span style=\"font-size: medium;\"><span style=\"font-family: Arial, serif;\"><i>Le Villefranchois \u2013 14 janvier 2021<\/i><\/span><\/span><\/span><\/p><p><span style=\"font-family: Times, serif;\"><span style=\"font-size: medium;\"><span style=\"font-family: Arial, serif;\"><span lang=\"en-US\"><i>Voice of America Bosnie \u2013 29 janvier 2021<\/i><\/span><\/span><\/span><\/span><\/p><p><span style=\"font-family: Times, serif;\"><span style=\"font-size: medium;\"><span style=\"font-family: Arial, serif;\"><i>RCF Radio \u2013 3 mars 2021<\/i><\/span><\/span><\/span><\/p><p><span style=\"font-family: Times, serif;\"><span style=\"font-size: medium;\"><span style=\"font-family: Arial, serif;\"><i>L\u2019Aveyronnais \u2013 11 avril 2021<\/i><\/span><\/span><\/span><\/p><p><span style=\"font-family: Times, serif;\"><span style=\"font-size: medium;\"><span style=\"font-family: Arial, serif;\"><i>Phosphore \u2013 dossier de 8 pages dans le mensuel, sous forme de journal de voyage du Tour d\u2019Europe d\u2019Elio et Justin \u2013 1<\/i><\/span><sup><span style=\"font-family: Arial, serif;\"><i>er<\/i><\/span><\/sup><span style=\"font-family: Arial, serif;\"><i> ao\u00fbt 2021<\/i><\/span><\/span><\/span><\/p><p><span style=\"font-family: Times, serif;\"><span style=\"font-size: medium;\"><span style=\"font-family: Arial, serif;\"><i>Le Villefranchois \u2013 5 ao\u00fbt 2021<\/i><\/span><\/span><\/span><\/p><p><span style=\"font-family: Times, serif;\"><span style=\"font-size: medium;\"><span style=\"font-family: Arial, serif;\"><i>(\u2026)<\/i><\/span><\/span><\/span><\/p>\t\t\t\t\t\t<\/div>\n\t\t\t\t<\/div>\n\t\t\t\t\t<\/div>\n\t\t\t\t<\/div>\n\t\t\t\t<\/div>\n\t\t","protected":false},"excerpt":{"rendered":"<p>Nos retomb\u00e9es m\u00e9dia<\/p>\n","protected":false},"author":1,"featured_media":0,"parent":0,"menu_order":0,"comment_status":"closed","ping_status":"closed","template":"","meta":{"footnotes":""},"class_list":["post-406","page","type-page","status-publish","hentry"],"_links":{"self":[{"href":"https:\/\/grandtoureurope.fr\/index.php\/wp-json\/wp\/v2\/pages\/406","targetHints":{"allow":["GET"]}}],"collection":[{"href":"https:\/\/grandtoureurope.fr\/index.php\/wp-json\/wp\/v2\/pages"}],"about":[{"href":"https:\/\/grandtoureurope.fr\/index.php\/wp-json\/wp\/v2\/types\/page"}],"author":[{"embeddable":true,"href":"https:\/\/grandtoureurope.fr\/index.php\/wp-json\/wp\/v2\/users\/1"}],"replies":[{"embeddable":true,"href":"https:\/\/grandtoureurope.fr\/index.php\/wp-json\/wp\/v2\/comments?post=406"}],"version-history":[{"count":10,"href":"https:\/\/grandtoureurope.fr\/index.php\/wp-json\/wp\/v2\/pages\/406\/revisions"}],"predecessor-version":[{"id":544,"href":"https:\/\/grandtoureurope.fr\/index.php\/wp-json\/wp\/v2\/pages\/406\/revisions\/544"}],"wp:attachment":[{"href":"https:\/\/grandtoureurope.fr\/index.php\/wp-json\/wp\/v2\/media?parent=406"}],"curies":[{"name":"wp","href":"https:\/\/api.w.org\/{rel}","templated":true}]}}