{"id":32,"date":"2024-02-26T18:36:46","date_gmt":"2024-02-26T17:36:46","guid":{"rendered":"https:\/\/grandtoureurope.fr\/?page_id=32"},"modified":"2024-04-28T23:04:48","modified_gmt":"2024-04-28T21:04:48","slug":"accueil","status":"publish","type":"page","link":"https:\/\/grandtoureurope.fr\/","title":{"rendered":"Accueil"},"content":{"rendered":"\t\t<div data-elementor-type=\"wp-page\" data-elementor-id=\"32\" class=\"elementor elementor-32\">\n\t\t\t\t<div class=\"elementor-element elementor-element-9079a4a e-flex e-con-boxed e-con e-parent\" data-id=\"9079a4a\" data-element_type=\"container\" data-settings=\"{&quot;content_width&quot;:&quot;boxed&quot;}\" data-core-v316-plus=\"true\">\n\t\t\t\t\t<div class=\"e-con-inner\">\n\t\t\t\t<div class=\"elementor-element elementor-element-3252271 elementor-widget elementor-widget-text-editor\" data-id=\"3252271\" data-element_type=\"widget\" data-widget_type=\"text-editor.default\">\n\t\t\t\t<div class=\"elementor-widget-container\">\n\t\t\t<style>\/*! elementor - v3.19.0 - 26-02-2024 *\/\n.elementor-widget-text-editor.elementor-drop-cap-view-stacked .elementor-drop-cap{background-color:#69727d;color:#fff}.elementor-widget-text-editor.elementor-drop-cap-view-framed .elementor-drop-cap{color:#69727d;border:3px solid;background-color:transparent}.elementor-widget-text-editor:not(.elementor-drop-cap-view-default) .elementor-drop-cap{margin-top:8px}.elementor-widget-text-editor:not(.elementor-drop-cap-view-default) .elementor-drop-cap-letter{width:1em;height:1em}.elementor-widget-text-editor .elementor-drop-cap{float:left;text-align:center;line-height:1;font-size:50px}.elementor-widget-text-editor .elementor-drop-cap-letter{display:inline-block}<\/style>\t\t\t\t<h1 style=\"text-align: center;\"><span style=\"color: #000000;\"><b>Le Grand Tour<\/b><\/span><\/h1>\n<h5 style=\"text-align: center;\"><b>Un film de Jean-Pierre Sicard<\/b><\/h5>\n<p style=\"text-align: center;\"><em><b>2024 &#8211; 90mn &#8211; Documentaire &#8211; France<\/b><\/em><\/p>\t\t\t\t\t\t<\/div>\n\t\t\t\t<\/div>\n\t\t\t\t\t<\/div>\n\t\t\t\t<\/div>\n\t\t<div class=\"elementor-element elementor-element-30b3e4b e-flex e-con-boxed e-con e-parent\" data-id=\"30b3e4b\" data-element_type=\"container\" data-settings=\"{&quot;content_width&quot;:&quot;boxed&quot;}\" data-core-v316-plus=\"true\">\n\t\t\t\t\t<div class=\"e-con-inner\">\n\t\t\t\t<div class=\"elementor-element elementor-element-c25fd00 elementor-widget__width-inherit elementor-widget elementor-widget-video\" data-id=\"c25fd00\" data-element_type=\"widget\" data-settings=\"{&quot;video_type&quot;:&quot;vimeo&quot;}\" data-widget_type=\"video.default\">\n\t\t\t\t<div class=\"elementor-widget-container\">\n\t\t\t<style>\/*! elementor - v3.19.0 - 26-02-2024 *\/\n.elementor-widget-video .elementor-widget-container{overflow:hidden;transform:translateZ(0)}.elementor-widget-video .elementor-wrapper{aspect-ratio:var(--video-aspect-ratio)}.elementor-widget-video .elementor-wrapper iframe,.elementor-widget-video .elementor-wrapper video{height:100%;width:100%;display:flex;border:none;background-color:#000}@supports not (aspect-ratio:1\/1){.elementor-widget-video .elementor-wrapper{position:relative;overflow:hidden;height:0;padding-bottom:calc(100% \/ var(--video-aspect-ratio))}.elementor-widget-video .elementor-wrapper iframe,.elementor-widget-video .elementor-wrapper video{position:absolute;top:0;right:0;bottom:0;left:0}}.elementor-widget-video .elementor-open-inline .elementor-custom-embed-image-overlay{position:absolute;top:0;right:0;bottom:0;left:0;background-size:cover;background-position:50%}.elementor-widget-video .elementor-custom-embed-image-overlay{cursor:pointer;text-align:center}.elementor-widget-video .elementor-custom-embed-image-overlay:hover .elementor-custom-embed-play i{opacity:1}.elementor-widget-video .elementor-custom-embed-image-overlay img{display:block;width:100%;aspect-ratio:var(--video-aspect-ratio);-o-object-fit:cover;object-fit:cover;-o-object-position:center center;object-position:center center}@supports not (aspect-ratio:1\/1){.elementor-widget-video .elementor-custom-embed-image-overlay{position:relative;overflow:hidden;height:0;padding-bottom:calc(100% \/ var(--video-aspect-ratio))}.elementor-widget-video .elementor-custom-embed-image-overlay img{position:absolute;top:0;right:0;bottom:0;left:0}}.elementor-widget-video .e-hosted-video .elementor-video{-o-object-fit:cover;object-fit:cover}.e-con-inner>.elementor-widget-video,.e-con>.elementor-widget-video{width:var(--container-widget-width);--flex-grow:var(--container-widget-flex-grow)}<\/style>\t\t<div class=\"elementor-wrapper elementor-open-inline\">\n\t\t\t<iframe class=\"elementor-video-iframe\" allowfullscreen allow=\"clipboard-write\" title=\"vimeo Video Player\" src=\"https:\/\/player.vimeo.com\/video\/917043612?color&amp;autopause=0&amp;loop=0&amp;muted=0&amp;title=1&amp;portrait=1&amp;byline=1&amp;h=755f3f56b5#t=\"><\/iframe>\t\t<\/div>\n\t\t\t\t<\/div>\n\t\t\t\t<\/div>\n\t\t\t\t\t<\/div>\n\t\t\t\t<\/div>\n\t\t<div class=\"elementor-element elementor-element-490cfbd7 e-con-full e-flex e-con e-parent\" data-id=\"490cfbd7\" data-element_type=\"container\" data-settings=\"{&quot;content_width&quot;:&quot;full&quot;}\" data-core-v316-plus=\"true\">\n\t\t\t\t<div class=\"elementor-element elementor-element-6e8c38d0 elementor-widget elementor-widget-text-editor\" data-id=\"6e8c38d0\" data-element_type=\"widget\" data-widget_type=\"text-editor.default\">\n\t\t\t\t<div class=\"elementor-widget-container\">\n\t\t\t\t\t\t\t<p><!-- wp:paragraph --><\/p>\n<h5><span style=\"font-weight: 400;\">A 17 ans, Elio et Justin font un tour d\u2019Europe \u00e0 v\u00e9lo d\u2019une dur\u00e9e d\u2019un an, en d\u00e9jouant la pand\u00e9mie qui ferme les fronti\u00e8res. Leur amiti\u00e9, leurs histoires d\u2019amour, leurs rencontres avec de jeunes europ\u00e9ens, leurs familles et leurs potes toujours avec eux sur l\u2019\u00e9cran de leurs smartphones, les p\u00e9rip\u00e9ties du voyage : un portrait intime de deux adolescents qui deviennent de jeunes adultes.<\/span><\/h5>\n<!-- \/wp:paragraph -->\t\t\t\t\t\t<\/div>\n\t\t\t\t<\/div>\n\t\t\t\t<\/div>\n\t\t<div class=\"elementor-element elementor-element-fe7b56c e-flex e-con-boxed e-con e-parent\" data-id=\"fe7b56c\" data-element_type=\"container\" data-settings=\"{&quot;content_width&quot;:&quot;boxed&quot;}\" data-core-v316-plus=\"true\">\n\t\t\t\t\t<div class=\"e-con-inner\">\n\t\t\t\t<div class=\"elementor-element elementor-element-0b5c7fa elementor-widget elementor-widget-image\" data-id=\"0b5c7fa\" data-element_type=\"widget\" data-widget_type=\"image.default\">\n\t\t\t\t<div class=\"elementor-widget-container\">\n\t\t\t<style>\/*! elementor - v3.19.0 - 26-02-2024 *\/\n.elementor-widget-image{text-align:center}.elementor-widget-image a{display:inline-block}.elementor-widget-image a img[src$=\".svg\"]{width:48px}.elementor-widget-image img{vertical-align:middle;display:inline-block}<\/style>\t\t\t\t\t\t\t\t\t\t<img fetchpriority=\"high\" decoding=\"async\" width=\"2560\" height=\"1440\" src=\"https:\/\/grandtoureurope.fr\/wp-content\/uploads\/2024\/04\/74b6bbef-b161-4a46-8705-178f38045ec3-scaled.jpg\" class=\"attachment-full size-full wp-image-790\" alt=\"\" srcset=\"https:\/\/grandtoureurope.fr\/wp-content\/uploads\/2024\/04\/74b6bbef-b161-4a46-8705-178f38045ec3-scaled.jpg 2560w, https:\/\/grandtoureurope.fr\/wp-content\/uploads\/2024\/04\/74b6bbef-b161-4a46-8705-178f38045ec3-1536x864.jpg 1536w, https:\/\/grandtoureurope.fr\/wp-content\/uploads\/2024\/04\/74b6bbef-b161-4a46-8705-178f38045ec3-2048x1152.jpg 2048w\" sizes=\"(max-width: 2560px) 100vw, 2560px\" \/>\t\t\t\t\t\t\t\t\t\t\t\t\t<\/div>\n\t\t\t\t<\/div>\n\t\t\t\t\t<\/div>\n\t\t\t\t<\/div>\n\t\t<div class=\"elementor-element elementor-element-e8aa02f e-con-full e-flex e-con e-parent\" data-id=\"e8aa02f\" data-element_type=\"container\" data-settings=\"{&quot;content_width&quot;:&quot;full&quot;}\" data-core-v316-plus=\"true\">\n\t\t\t\t<div class=\"elementor-element elementor-element-f06680b elementor-widget elementor-widget-text-editor\" data-id=\"f06680b\" data-element_type=\"widget\" data-widget_type=\"text-editor.default\">\n\t\t\t\t<div class=\"elementor-widget-container\">\n\t\t\t\t\t\t\t<p style=\"text-align: center;\"><span style=\"text-decoration: underline;\"><strong>SYNOPSIS<\/strong><\/span><\/p>\n<p><em>Juillet 2020<\/em><\/p>\n<p>Elio et Justin partent vers le Cap Nord. <br \/>En alternant les moments intimes sous la tente, les images prises sur la route \u00e0 v\u00e9lo, les \u00e9changes \u00e0 distance avec leurs potes, leurs familles et leurs amoureuses et les messages vocaux o\u00f9 ils se confient \u00e0 celui qui les rejoint parfois pour les filmer, on d\u00e9couvre leurs enthousiasmes et leur gaiet\u00e9 complice. Un bras cass\u00e9, un doigt gel\u00e9 qui se n\u00e9crose, mettent leur r\u00e9silience \u00e0 l\u2019\u00e9preuve. L\u2019accueil chaleureux des jeunes europ\u00e9ens qu\u2019ils rencontrent les r\u00e9chauffent. <br \/><br \/>Les raps qu\u2019il \u00e9crit consolent Elio de sa douloureuse d\u00e9prime dans l\u2019hiver glac\u00e9 de l\u2019Est europ\u00e9en. Ils vivent d\u2019autres histoires d\u2019amour dans les Balkans, n\u00e9gocient pour passer les fronti\u00e8res des pays qui se prot\u00e8gent du COVID, r\u00e9ussissent \u00e0 rencontrer quelques projets \u00e9cologiques comme pr\u00e9vu et m\u00eame Bruno Latour, en visio. Cl\u00e9ment, un de leurs meilleurs potes, leur fait la surprise de les rejoindre \u00e0 v\u00e9lo en Italie\u2026<\/p>\n<p>Ils changent, physiquement, et murissent.<\/p>\t\t\t\t\t\t<\/div>\n\t\t\t\t<\/div>\n\t\t\t\t<\/div>\n\t\t\t\t<\/div>\n\t\t","protected":false},"excerpt":{"rendered":"<p>Bienvenue sur le site du film &#8220;Le Grand Tour&#8221;<\/p>\n","protected":false},"author":1,"featured_media":0,"parent":0,"menu_order":0,"comment_status":"closed","ping_status":"closed","template":"","meta":{"footnotes":""},"class_list":["post-32","page","type-page","status-publish","hentry"],"_links":{"self":[{"href":"https:\/\/grandtoureurope.fr\/index.php\/wp-json\/wp\/v2\/pages\/32","targetHints":{"allow":["GET"]}}],"collection":[{"href":"https:\/\/grandtoureurope.fr\/index.php\/wp-json\/wp\/v2\/pages"}],"about":[{"href":"https:\/\/grandtoureurope.fr\/index.php\/wp-json\/wp\/v2\/types\/page"}],"author":[{"embeddable":true,"href":"https:\/\/grandtoureurope.fr\/index.php\/wp-json\/wp\/v2\/users\/1"}],"replies":[{"embeddable":true,"href":"https:\/\/grandtoureurope.fr\/index.php\/wp-json\/wp\/v2\/comments?post=32"}],"version-history":[{"count":153,"href":"https:\/\/grandtoureurope.fr\/index.php\/wp-json\/wp\/v2\/pages\/32\/revisions"}],"predecessor-version":[{"id":1106,"href":"https:\/\/grandtoureurope.fr\/index.php\/wp-json\/wp\/v2\/pages\/32\/revisions\/1106"}],"wp:attachment":[{"href":"https:\/\/grandtoureurope.fr\/index.php\/wp-json\/wp\/v2\/media?parent=32"}],"curies":[{"name":"wp","href":"https:\/\/api.w.org\/{rel}","templated":true}]}}