{"id":1070,"date":"2024-05-01T21:52:46","date_gmt":"2024-05-01T19:52:46","guid":{"rendered":"https:\/\/grandtoureurope.fr\/?page_id=1070"},"modified":"2024-05-01T21:57:49","modified_gmt":"2024-05-01T19:57:49","slug":"acknowledgement","status":"publish","type":"page","link":"https:\/\/grandtoureurope.fr\/index.php\/acknowledgement\/","title":{"rendered":"Acknowledgement"},"content":{"rendered":"\t\t<div data-elementor-type=\"wp-page\" data-elementor-id=\"1070\" class=\"elementor elementor-1070\">\n\t\t\t\t<div class=\"elementor-element elementor-element-fffd707 e-flex e-con-boxed e-con e-parent\" data-id=\"fffd707\" data-element_type=\"container\" data-settings=\"{&quot;content_width&quot;:&quot;boxed&quot;}\" data-core-v316-plus=\"true\">\n\t\t\t\t\t<div class=\"e-con-inner\">\n\t\t\t\t<div class=\"elementor-element elementor-element-4437c5a elementor-widget elementor-widget-text-editor\" data-id=\"4437c5a\" data-element_type=\"widget\" data-widget_type=\"text-editor.default\">\n\t\t\t\t<div class=\"elementor-widget-container\">\n\t\t\t<style>\/*! elementor - v3.19.0 - 26-02-2024 *\/\n.elementor-widget-text-editor.elementor-drop-cap-view-stacked .elementor-drop-cap{background-color:#69727d;color:#fff}.elementor-widget-text-editor.elementor-drop-cap-view-framed .elementor-drop-cap{color:#69727d;border:3px solid;background-color:transparent}.elementor-widget-text-editor:not(.elementor-drop-cap-view-default) .elementor-drop-cap{margin-top:8px}.elementor-widget-text-editor:not(.elementor-drop-cap-view-default) .elementor-drop-cap-letter{width:1em;height:1em}.elementor-widget-text-editor .elementor-drop-cap{float:left;text-align:center;line-height:1;font-size:50px}.elementor-widget-text-editor .elementor-drop-cap-letter{display:inline-block}<\/style>\t\t\t\t<h2 style=\"text-align: center;\">ACKNOWLEDGEMENTS<\/h2>\t\t\t\t\t\t<\/div>\n\t\t\t\t<\/div>\n\t\t\t\t\t<\/div>\n\t\t\t\t<\/div>\n\t\t<div class=\"elementor-element elementor-element-6b20b88 e-flex e-con-boxed e-con e-parent\" data-id=\"6b20b88\" data-element_type=\"container\" data-settings=\"{&quot;content_width&quot;:&quot;boxed&quot;}\" data-core-v316-plus=\"true\">\n\t\t\t\t\t<div class=\"e-con-inner\">\n\t\t\t\t<div class=\"elementor-element elementor-element-91a85d2 elementor-widget elementor-widget-image\" data-id=\"91a85d2\" data-element_type=\"widget\" data-widget_type=\"image.default\">\n\t\t\t\t<div class=\"elementor-widget-container\">\n\t\t\t<style>\/*! elementor - v3.19.0 - 26-02-2024 *\/\n.elementor-widget-image{text-align:center}.elementor-widget-image a{display:inline-block}.elementor-widget-image a img[src$=\".svg\"]{width:48px}.elementor-widget-image img{vertical-align:middle;display:inline-block}<\/style>\t\t\t\t\t\t\t\t\t\t<img fetchpriority=\"high\" decoding=\"async\" width=\"1920\" height=\"1080\" src=\"https:\/\/grandtoureurope.fr\/wp-content\/uploads\/2024\/02\/Photo-Remerciements.png\" class=\"attachment-full size-full wp-image-341\" alt=\"\" srcset=\"https:\/\/grandtoureurope.fr\/wp-content\/uploads\/2024\/02\/Photo-Remerciements.png 1920w, https:\/\/grandtoureurope.fr\/wp-content\/uploads\/2024\/02\/Photo-Remerciements-1536x864.png 1536w\" sizes=\"(max-width: 1920px) 100vw, 1920px\" \/>\t\t\t\t\t\t\t\t\t\t\t\t\t<\/div>\n\t\t\t\t<\/div>\n\t\t\t\t\t<\/div>\n\t\t\t\t<\/div>\n\t\t<div class=\"elementor-element elementor-element-eaad422 e-flex e-con-boxed e-con e-parent\" data-id=\"eaad422\" data-element_type=\"container\" data-settings=\"{&quot;content_width&quot;:&quot;boxed&quot;}\" data-core-v316-plus=\"true\">\n\t\t\t\t\t<div class=\"e-con-inner\">\n\t\t\t\t<div class=\"elementor-element elementor-element-406ba04 elementor-widget elementor-widget-text-editor\" data-id=\"406ba04\" data-element_type=\"widget\" data-widget_type=\"text-editor.default\">\n\t\t\t\t<div class=\"elementor-widget-container\">\n\t\t\t\t\t\t\t<p align=\"CENTER\"><em>Le Grand Tour would not have been possible without the support of :<\/em><\/p><p style=\"text-align: center;\">Anne-So Bobey and Olivier Dauch<\/p><p style=\"text-align: center;\">Sylvie et Vivian Poux<\/p><p style=\"text-align: center;\">Chantal et Bruno Latour<\/p><p style=\"text-align: center;\">Dominique Michard<\/p><p style=\"text-align: center;\"><em>We thank all those who were filmed but do not appear in the final edit of the film\u00a0<\/em>:<\/p><p style=\"text-align: center;\">Romaric Planchet, Christophe Laurens et leurs \u00e9l\u00e8ves de terminale<br \/>du Lyc\u00e9e Raymond Savignac de Villefranche de Rouergue<br \/>S\u00e9verine Tresse et Julien Froment, Clara Cayro, Carla Dantas-Revalor<br \/>Damien Ruscassi\u00e9, Sian Odriozola, Ath\u00e9na\u00efs Breton, Vladimir Cuisset-Benoist<br \/>Basile Dessaivre, Roxane Dessaivre, Monique Troupin et Simon Paulis<br \/>Beno\u00eet Paulis, Heidi Driesen, Fr\u00e9d\u00e9ric Morand, Debora Cernigliaro<br \/>Eline Van de Ven, Laura Termeer, Oystein Johan Kleiven<br \/>Simon Malthieu, Louis Boumans et Pieter Jan, Dragan Cubrilo, Ben Seibt<br \/>Maria Hyzy-Grimau, Manuel Grimau Mingorance, Shreyras Manjunath<br \/>Alejandra Ortiz, Kuba Morawski, Jan Maly, Lana du Kolektiv Cyklokuchyna<br \/>Irena Borovina, Dusan Ristic, Tihomir Dakic and Dragan Kabic<br \/>Miroslav Miroslavo, Iulia Covor, Codrut Abdi, Guglielmo Siniscalco<br \/>Azra Boskovic, Adrian Bokarica, Ben Dean Johnson, Roberto Adami<br \/>Andrea Usardi, Giovanni Cervi, Tereza Melander<br \/>Camilla, Giulia, Margherita, Alice, Vittorio Tuvo<br \/>Sylvie, Lison, Vivian, Marius, Maylis and C\u00e9lia Poux<br \/>Hakim Ben Hotmane<\/p><p style=\"text-align: center;\"><i>We also thank<\/i>:<\/p><p style=\"text-align: center;\">Florent Verdet<br \/>Corto Vaclav<br \/>Lo\u00efc Feinte<br \/>Alexandre Coste Tarral<br \/>Tal Weill<br \/>Lorraine Baumont<\/p><p style=\"text-align: center;\"><i>whose input was invaluable during the editing of the film<\/i><\/p>\t\t\t\t\t\t<\/div>\n\t\t\t\t<\/div>\n\t\t\t\t\t<\/div>\n\t\t\t\t<\/div>\n\t\t\t\t<\/div>\n\t\t","protected":false},"excerpt":{"rendered":"<p>ACKNOWLEDGEMENTS Le Grand Tour would not have been possible without the support of : Anne-So Bobey and Olivier Dauch Sylvie et Vivian Poux Chantal et Bruno Latour Dominique Michard We thank all those who were filmed but do not appear in the final edit of the film\u00a0: Romaric Planchet, Christophe Laurens et leurs \u00e9l\u00e8ves de [&hellip;]<\/p>\n","protected":false},"author":1,"featured_media":0,"parent":0,"menu_order":0,"comment_status":"closed","ping_status":"closed","template":"","meta":{"footnotes":""},"class_list":["post-1070","page","type-page","status-publish","hentry"],"_links":{"self":[{"href":"https:\/\/grandtoureurope.fr\/index.php\/wp-json\/wp\/v2\/pages\/1070","targetHints":{"allow":["GET"]}}],"collection":[{"href":"https:\/\/grandtoureurope.fr\/index.php\/wp-json\/wp\/v2\/pages"}],"about":[{"href":"https:\/\/grandtoureurope.fr\/index.php\/wp-json\/wp\/v2\/types\/page"}],"author":[{"embeddable":true,"href":"https:\/\/grandtoureurope.fr\/index.php\/wp-json\/wp\/v2\/users\/1"}],"replies":[{"embeddable":true,"href":"https:\/\/grandtoureurope.fr\/index.php\/wp-json\/wp\/v2\/comments?post=1070"}],"version-history":[{"count":4,"href":"https:\/\/grandtoureurope.fr\/index.php\/wp-json\/wp\/v2\/pages\/1070\/revisions"}],"predecessor-version":[{"id":1074,"href":"https:\/\/grandtoureurope.fr\/index.php\/wp-json\/wp\/v2\/pages\/1070\/revisions\/1074"}],"wp:attachment":[{"href":"https:\/\/grandtoureurope.fr\/index.php\/wp-json\/wp\/v2\/media?parent=1070"}],"curies":[{"name":"wp","href":"https:\/\/api.w.org\/{rel}","templated":true}]}}